{"id":6,"date":"2025-05-05T12:22:39","date_gmt":"2025-05-05T15:22:39","guid":{"rendered":"http:\/\/espequecicero.com.br\/?page_id=6"},"modified":"2025-05-07T09:43:07","modified_gmt":"2025-05-07T12:43:07","slug":"home","status":"publish","type":"page","link":"https:\/\/espequecicero.com.br\/","title":{"rendered":"Home"},"content":{"rendered":"\t\t<div data-elementor-type=\"wp-page\" data-elementor-id=\"6\" class=\"elementor elementor-6\">\n\t\t\t\t<div class=\"elementor-element elementor-element-63eff38 e-flex e-con-boxed e-con e-parent\" data-id=\"63eff38\" data-element_type=\"container\" data-settings=\"{&quot;background_background&quot;:&quot;classic&quot;}\">\n\t\t\t\t\t<div class=\"e-con-inner\">\n\t\t<div class=\"elementor-element elementor-element-96bae48 e-con-full e-flex e-con e-child\" data-id=\"96bae48\" data-element_type=\"container\">\n\t\t\t\t<div class=\"elementor-element elementor-element-fb5974d elementor-widget elementor-widget-image\" data-id=\"fb5974d\" data-element_type=\"widget\" data-widget_type=\"image.default\">\n\t\t\t\t<div class=\"elementor-widget-container\">\n\t\t\t\t\t\t\t\t\t\t\t\t\t\t\t<img decoding=\"async\" src=\"https:\/\/espequecicero.com.br\/wp-content\/uploads\/2025\/05\/AnyConv.com__logo.webp\" title=\"\" alt=\"\" loading=\"lazy\" \/>\t\t\t\t\t\t\t\t\t\t\t\t\t\t\t<\/div>\n\t\t\t\t<\/div>\n\t\t\t\t<\/div>\n\t\t<div class=\"elementor-element elementor-element-955de55 e-con-full e-flex e-con e-child\" data-id=\"955de55\" data-element_type=\"container\">\n\t\t\t\t<\/div>\n\t\t\t\t\t<\/div>\n\t\t\t\t<\/div>\n\t\t<div class=\"elementor-element elementor-element-62dbcb6 e-flex e-con-boxed e-con e-parent\" data-id=\"62dbcb6\" data-element_type=\"container\">\n\t\t\t\t\t<div class=\"e-con-inner\">\n\t\t\t\t<div class=\"elementor-element elementor-element-de1c309 elementor-widget elementor-widget-image\" data-id=\"de1c309\" data-element_type=\"widget\" data-widget_type=\"image.default\">\n\t\t\t\t<div class=\"elementor-widget-container\">\n\t\t\t\t\t\t\t\t\t\t\t\t\t\t\t<img decoding=\"async\" src=\"https:\/\/espequecicero.com.br\/wp-content\/uploads\/2025\/05\/AnyConv.com__primeiro.webp\" title=\"\" alt=\"\" loading=\"lazy\" \/>\t\t\t\t\t\t\t\t\t\t\t\t\t\t\t<\/div>\n\t\t\t\t<\/div>\n\t\t\t\t<div class=\"elementor-element elementor-element-28ac84a elementor-absolute elementor-widget elementor-widget-image\" data-id=\"28ac84a\" data-element_type=\"widget\" data-settings=\"{&quot;_position&quot;:&quot;absolute&quot;}\" data-widget_type=\"image.default\">\n\t\t\t\t<div class=\"elementor-widget-container\">\n\t\t\t\t\t\t\t\t\t\t\t\t\t\t\t<img decoding=\"async\" src=\"https:\/\/espequecicero.com.br\/wp-content\/uploads\/2025\/05\/AnyConv.com__decoracao.webp\" title=\"AnyConv.com__decorac\u0327a\u0303o\" alt=\"AnyConv.com__decorac\u0327a\u0303o\" loading=\"lazy\" \/>\t\t\t\t\t\t\t\t\t\t\t\t\t\t\t<\/div>\n\t\t\t\t<\/div>\n\t\t\t\t<div class=\"elementor-element elementor-element-392cbea elementor-absolute elementor-widget elementor-widget-image\" data-id=\"392cbea\" data-element_type=\"widget\" data-settings=\"{&quot;_position&quot;:&quot;absolute&quot;}\" data-widget_type=\"image.default\">\n\t\t\t\t<div class=\"elementor-widget-container\">\n\t\t\t\t\t\t\t\t\t\t\t\t\t\t\t<img decoding=\"async\" src=\"https:\/\/espequecicero.com.br\/wp-content\/uploads\/2025\/05\/AnyConv.com__decoracao.webp\" title=\"AnyConv.com__decorac\u0327a\u0303o\" alt=\"AnyConv.com__decorac\u0327a\u0303o\" loading=\"lazy\" \/>\t\t\t\t\t\t\t\t\t\t\t\t\t\t\t<\/div>\n\t\t\t\t<\/div>\n\t\t\t\t<div class=\"elementor-element elementor-element-c7767ae elementor-widget elementor-widget-heading\" data-id=\"c7767ae\" data-element_type=\"widget\" data-widget_type=\"heading.default\">\n\t\t\t\t<div class=\"elementor-widget-container\">\n\t\t\t\t\t<h2 class=\"elementor-heading-title elementor-size-default\">Voc\u00ea que gosta de produtos de madeira com excelente acabamento, entre agora mesmo no nosso <span style=\"color: #F68633;\">GRUPO VIP de promo\u00e7\u00f5es e alertas no WhatsApp<\/span>.<\/h2>\t\t\t\t<\/div>\n\t\t\t\t<\/div>\n\t\t\t\t<div class=\"elementor-element elementor-element-8e7ec11 elementor-widget elementor-widget-heading\" data-id=\"8e7ec11\" data-element_type=\"widget\" data-widget_type=\"heading.default\">\n\t\t\t\t<div class=\"elementor-widget-container\">\n\t\t\t\t\t<h2 class=\"elementor-heading-title elementor-size-default\">L\u00e1 postamos os nossos produtos e promo\u00e7\u00f5es.\nTamb\u00e9m voc\u00ea ser\u00e1 avisado em primeira m\u00e3o,quando estivermos ao vivo nas lives.<\/h2>\t\t\t\t<\/div>\n\t\t\t\t<\/div>\n\t\t\t\t<div class=\"elementor-element elementor-element-1c6f97c elementor-align-justify elementor-widget__width-initial elementor-widget elementor-widget-button\" data-id=\"1c6f97c\" data-element_type=\"widget\" data-widget_type=\"button.default\">\n\t\t\t\t<div class=\"elementor-widget-container\">\n\t\t\t\t\t\t\t\t\t<div class=\"elementor-button-wrapper\">\n\t\t\t\t\t<a class=\"elementor-button elementor-button-link elementor-size-sm\" href=\"https:\/\/chat.whatsapp.com\/Cb0VG8rOl6gEvWd1QbTp1x\">\n\t\t\t\t\t\t<span class=\"elementor-button-content-wrapper\">\n\t\t\t\t\t\t\t\t\t<span class=\"elementor-button-text\">QUERO ENTRAR NO GRUPO<\/span>\n\t\t\t\t\t<\/span>\n\t\t\t\t\t<\/a>\n\t\t\t\t<\/div>\n\t\t\t\t\t\t\t\t<\/div>\n\t\t\t\t<\/div>\n\t\t\t\t\t<\/div>\n\t\t\t\t<\/div>\n\t\t<div class=\"elementor-element elementor-element-f57436b e-con-full sliding-text e-flex e-con e-parent\" data-id=\"f57436b\" data-element_type=\"container\" data-settings=\"{&quot;background_background&quot;:&quot;classic&quot;}\">\n\t\t\t\t<\/div>\n\t\t<div class=\"elementor-element elementor-element-bcdd5bf e-flex e-con-boxed e-con e-parent\" data-id=\"bcdd5bf\" data-element_type=\"container\">\n\t\t\t\t\t<div class=\"e-con-inner\">\n\t\t<div class=\"elementor-element elementor-element-b36fcf7 e-con-full e-flex e-con e-child\" data-id=\"b36fcf7\" data-element_type=\"container\">\n\t\t\t\t<div class=\"elementor-element elementor-element-1e5ff72 elementor-widget elementor-widget-heading\" data-id=\"1e5ff72\" data-element_type=\"widget\" data-widget_type=\"heading.default\">\n\t\t\t\t<div class=\"elementor-widget-container\">\n\t\t\t\t\t<h2 class=\"elementor-heading-title elementor-size-default\">Afinal, quem \u00e9 a <span style=\"color: #F68633;\">Espeque madeira?<\/span><\/h2>\t\t\t\t<\/div>\n\t\t\t\t<\/div>\n\t\t\t\t<div class=\"elementor-element elementor-element-d9d9ad9 elementor-widget elementor-widget-heading\" data-id=\"d9d9ad9\" data-element_type=\"widget\" data-widget_type=\"heading.default\">\n\t\t\t\t<div class=\"elementor-widget-container\">\n\t\t\t\t\t<h2 class=\"elementor-heading-title elementor-size-default\">Espeque madeira \u00e9 uma marcenaria artesanal que fabrica e comercializa os seus produtos. Estamos na cidade de S\u00e3o Bernardo do Campo SP.\n\nCriamos este grupo VIP para apresentar os nossos produtos de ganchos, prateleiras e muito mais... N\u00e3o fique de fora!<\/h2>\t\t\t\t<\/div>\n\t\t\t\t<\/div>\n\t\t\t\t<div class=\"elementor-element elementor-element-450007e elementor-align-justify elementor-widget__width-initial elementor-widget elementor-widget-button\" data-id=\"450007e\" data-element_type=\"widget\" data-widget_type=\"button.default\">\n\t\t\t\t<div class=\"elementor-widget-container\">\n\t\t\t\t\t\t\t\t\t<div class=\"elementor-button-wrapper\">\n\t\t\t\t\t<a class=\"elementor-button elementor-button-link elementor-size-sm\" href=\"https:\/\/chat.whatsapp.com\/Cb0VG8rOl6gEvWd1QbTp1x\">\n\t\t\t\t\t\t<span class=\"elementor-button-content-wrapper\">\n\t\t\t\t\t\t\t\t\t<span class=\"elementor-button-text\">QUERO ENTRAR NO GRUPO<\/span>\n\t\t\t\t\t<\/span>\n\t\t\t\t\t<\/a>\n\t\t\t\t<\/div>\n\t\t\t\t\t\t\t\t<\/div>\n\t\t\t\t<\/div>\n\t\t\t\t<\/div>\n\t\t<div class=\"elementor-element elementor-element-fa3ee9e e-con-full e-flex e-con e-child\" data-id=\"fa3ee9e\" data-element_type=\"container\">\n\t\t\t\t<div class=\"elementor-element elementor-element-1c97360 elementor-widget elementor-widget-image\" data-id=\"1c97360\" data-element_type=\"widget\" data-widget_type=\"image.default\">\n\t\t\t\t<div class=\"elementor-widget-container\">\n\t\t\t\t\t\t\t\t\t\t\t\t\t\t\t<img decoding=\"async\" src=\"https:\/\/espequecicero.com.br\/wp-content\/uploads\/2025\/05\/AnyConv.com__segundo.webp\" title=\"\" alt=\"\" loading=\"lazy\" \/>\t\t\t\t\t\t\t\t\t\t\t\t\t\t\t<\/div>\n\t\t\t\t<\/div>\n\t\t\t\t<\/div>\n\t\t\t\t\t<\/div>\n\t\t\t\t<\/div>\n\t\t<div class=\"elementor-element elementor-element-6600823 e-con-full sliding-text e-flex e-con e-parent\" data-id=\"6600823\" data-element_type=\"container\" data-settings=\"{&quot;background_background&quot;:&quot;classic&quot;}\">\n\t\t\t\t<\/div>\n\t\t<div class=\"elementor-element elementor-element-97d4ba4 e-flex e-con-boxed e-con e-parent\" data-id=\"97d4ba4\" data-element_type=\"container\" data-settings=\"{&quot;background_background&quot;:&quot;classic&quot;}\">\n\t\t\t\t\t<div class=\"e-con-inner\">\n\t\t\t\t<div class=\"elementor-element elementor-element-09d0596 elementor-widget elementor-widget-image\" data-id=\"09d0596\" data-element_type=\"widget\" data-widget_type=\"image.default\">\n\t\t\t\t<div class=\"elementor-widget-container\">\n\t\t\t\t\t\t\t\t\t\t\t\t\t\t\t<img decoding=\"async\" src=\"https:\/\/espequecicero.com.br\/wp-content\/uploads\/2025\/05\/AnyConv.com__logo.webp\" title=\"\" alt=\"\" loading=\"lazy\" \/>\t\t\t\t\t\t\t\t\t\t\t\t\t\t\t<\/div>\n\t\t\t\t<\/div>\n\t\t\t\t<div class=\"elementor-element elementor-element-044587e elementor-widget-divider--view-line elementor-widget elementor-widget-divider\" data-id=\"044587e\" data-element_type=\"widget\" data-widget_type=\"divider.default\">\n\t\t\t\t<div class=\"elementor-widget-container\">\n\t\t\t\t\t\t\t<div class=\"elementor-divider\">\n\t\t\t<span class=\"elementor-divider-separator\">\n\t\t\t\t\t\t<\/span>\n\t\t<\/div>\n\t\t\t\t\t\t<\/div>\n\t\t\t\t<\/div>\n\t\t\t\t<div class=\"elementor-element elementor-element-59a6e15 elementor-widget elementor-widget-heading\" data-id=\"59a6e15\" data-element_type=\"widget\" data-widget_type=\"heading.default\">\n\t\t\t\t<div class=\"elementor-widget-container\">\n\t\t\t\t\t<h2 class=\"elementor-heading-title elementor-size-default\">espeque madeira | TODOS OS DIREITOS RESERVADOS | \u00a9 Copyright 2025<\/h2>\t\t\t\t<\/div>\n\t\t\t\t<\/div>\n\t\t\t\t\t<\/div>\n\t\t\t\t<\/div>\n\t\t\t\t<\/div>\n\t\t","protected":false},"excerpt":{"rendered":"<p>Voc\u00ea que gosta de produtos de madeira com excelente acabamento, entre agora mesmo no nosso GRUPO VIP de promo\u00e7\u00f5es e alertas no WhatsApp. L\u00e1 postamos os nossos produtos e promo\u00e7\u00f5es. Tamb\u00e9m voc\u00ea ser\u00e1 avisado em primeira m\u00e3o,quando estivermos ao vivo nas lives. QUERO ENTRAR NO GRUPO Afinal, quem \u00e9 a Espeque madeira? Espeque madeira \u00e9 [&hellip;]<\/p>\n","protected":false},"author":1,"featured_media":0,"parent":0,"menu_order":0,"comment_status":"closed","ping_status":"closed","template":"elementor_canvas","meta":{"footnotes":""},"class_list":["post-6","page","type-page","status-publish","hentry"],"_links":{"self":[{"href":"https:\/\/espequecicero.com.br\/index.php\/wp-json\/wp\/v2\/pages\/6","targetHints":{"allow":["GET"]}}],"collection":[{"href":"https:\/\/espequecicero.com.br\/index.php\/wp-json\/wp\/v2\/pages"}],"about":[{"href":"https:\/\/espequecicero.com.br\/index.php\/wp-json\/wp\/v2\/types\/page"}],"author":[{"embeddable":true,"href":"https:\/\/espequecicero.com.br\/index.php\/wp-json\/wp\/v2\/users\/1"}],"replies":[{"embeddable":true,"href":"https:\/\/espequecicero.com.br\/index.php\/wp-json\/wp\/v2\/comments?post=6"}],"version-history":[{"count":31,"href":"https:\/\/espequecicero.com.br\/index.php\/wp-json\/wp\/v2\/pages\/6\/revisions"}],"predecessor-version":[{"id":44,"href":"https:\/\/espequecicero.com.br\/index.php\/wp-json\/wp\/v2\/pages\/6\/revisions\/44"}],"wp:attachment":[{"href":"https:\/\/espequecicero.com.br\/index.php\/wp-json\/wp\/v2\/media?parent=6"}],"curies":[{"name":"wp","href":"https:\/\/api.w.org\/{rel}","templated":true}]}}